{"id":251747,"date":"2023-10-19T07:29:09","date_gmt":"2023-10-19T07:29:09","guid":{"rendered":"https:\/\/viewgothenburg.com\/about\/"},"modified":"2023-11-13T12:23:09","modified_gmt":"2023-11-13T12:23:09","slug":"om","status":"publish","type":"page","link":"https:\/\/viewgothenburg.com\/sv\/om\/","title":{"rendered":"Om View Gothenburg"},"content":{"rendered":"<p>[et_pb_section fb_built=&#8221;1&#8243; admin_label=&#8221;Hero&#8221; _builder_version=&#8221;4.22.2&#8243; _module_preset=&#8221;default&#8221; background_color=&#8221;rgba(0,0,0,0.1)&#8221; background_image=&#8221;https:\/\/viewgothenburg.com\/wp-content\/uploads\/2023\/10\/bg-about-header.jpg&#8221; background_blend=&#8221;overlay&#8221; background_last_edited=&#8221;on|desktop&#8221; background_image_phone=&#8221;https:\/\/viewgothenburg.com\/wp-content\/uploads\/2023\/10\/bg-about-header-mobile.jpg&#8221; background_enable_image_phone=&#8221;on&#8221; global_colors_info=&#8221;{}&#8221;][et_pb_row _builder_version=&#8221;4.22.2&#8243; _module_preset=&#8221;default&#8221; global_colors_info=&#8221;{}&#8221;][et_pb_column type=&#8221;4_4&#8243; _builder_version=&#8221;4.22.2&#8243; _module_preset=&#8221;default&#8221; global_colors_info=&#8221;{}&#8221;][et_pb_text admin_label=&#8221;Title&#8221; _builder_version=&#8221;4.22.2&#8243; _module_preset=&#8221;default&#8221; header_font=&#8221;Playfair Display|700|||||||&#8221; header_font_size=&#8221;60px&#8221; header_3_font=&#8221;|800||on|||||&#8221; header_3_font_size=&#8221;24px&#8221; header_3_letter_spacing=&#8221;2px&#8221; header_3_line_height=&#8221;1.3em&#8221; text_orientation=&#8221;center&#8221; background_layout=&#8221;dark&#8221; header_font_size_tablet=&#8221;60px&#8221; header_font_size_phone=&#8221;48px&#8221; header_font_size_last_edited=&#8221;on|desktop&#8221; header_3_font_size_tablet=&#8221;24px&#8221; header_3_font_size_phone=&#8221;20px&#8221; header_3_font_size_last_edited=&#8221;on|desktop&#8221; global_colors_info=&#8221;{}&#8221;]<\/p>\n<h1>V\u00e4lkommen till G\u00f6teborgs cityguide<\/h1>\n<p>[\/et_pb_text][\/et_pb_column][\/et_pb_row][\/et_pb_section][et_pb_section fb_built=&#8221;1&#8243; _builder_version=&#8221;4.22.2&#8243; _module_preset=&#8221;default&#8221; global_colors_info=&#8221;{}&#8221;][et_pb_row custom_padding_last_edited=&#8221;on|desktop&#8221; _builder_version=&#8221;4.22.2&#8243; _module_preset=&#8221;default&#8221; custom_padding=&#8221;|150px||150px|false|true&#8221; custom_padding_tablet=&#8221;|0px||0px|false|true&#8221; custom_padding_phone=&#8221;|0px||0px|false|true&#8221; global_colors_info=&#8221;{}&#8221;][et_pb_column type=&#8221;4_4&#8243; _builder_version=&#8221;4.22.2&#8243; _module_preset=&#8221;default&#8221; global_colors_info=&#8221;{}&#8221;][et_pb_text module_class=&#8221;content list-space&#8221; _builder_version=&#8221;4.23.1&#8243; _module_preset=&#8221;default&#8221; header_2_font=&#8221;|800||on|||||&#8221; header_2_font_size=&#8221;20px&#8221; header_2_letter_spacing=&#8221;2px&#8221; header_2_line_height=&#8221;1.3em&#8221; hover_enabled=&#8221;0&#8243; global_colors_info=&#8221;{}&#8221; sticky_enabled=&#8221;0&#8243;]<strong>ViewGothenburg.com<\/strong> \u00e4r G\u00f6teborgs nya digitala cityguide. Vi jobbar f\u00f6r att visa upp det b\u00e4sta av den fantastiska v\u00e4stkuststaden f\u00f6r alla de miljoner internationella och svenska turister som reser till G\u00f6teborg varje \u00e5r &#8211; plus de som bor i staden och dess omgivningar.<\/p>\n<p>P\u00e5 v\u00e5r webbplats ViewGothenburg.com g\u00f6r vi det enkelt och roligt f\u00f6r turisten och stockholmaren att hitta det b\u00e4sta av vad staden har att erbjuda inom <a href=\"https:\/\/viewgothenburg.com\/sv\/se-gora\/aktiviteter\/\">saker att g\u00f6ra<\/a>, <a href=\"https:\/\/viewgothenburg.com\/sv\/shopping-sv\/\">shopping<\/a>, <a href=\"https:\/\/viewgothenburg.com\/sv\/bo\/\">boende<\/a>, <a href=\"https:\/\/viewgothenburg.com\/sv\/mat-dryck\/restauranger\/\">restauranger<\/a>, <a href=\"https:\/\/viewgothenburg.com\/sv\/mat-dryck\/barer-pubar\/\">barer<\/a>, <a href=\"https:\/\/viewgothenburg.com\/sv\/mat-dryck\/nattliv\/\">nattliv<\/a>, evenemang, <a href=\"https:\/\/viewgothenburg.com\/sv\/se-gora\/museer-attraktioner\/\">attraktioner<\/a> och mycket mer.<\/p>\n<p>Hos oss ska du som bes\u00f6kare alltid erbjudas det allra b\u00e4sta av staden, d\u00e4rf\u00f6r f\u00f6ljer vi noggrant med vad som h\u00e4nder i och runtomkring G\u00f6teborg.<\/p>\n<p><strong>Vi \u00f6nskar dig en trevlig vistelse i G\u00f6teborg!<\/strong><\/p>\n<h2>Fakta om G\u00f6teborg<\/h2>\n<p><img decoding=\"async\" class=\"wp-image-251007 alignleft size-full\" src=\"https:\/\/viewgothenburg.com\/wp-content\/uploads\/2023\/09\/wave-line.svg\" alt=\"\" width=\"200\" \/><\/p>\n<ul>\n<li>G\u00f6teborg grundades 1621.<\/li>\n<li>G\u00f6teborg \u00e4r Sveriges n\u00e4st st\u00f6rsta stad med 600 559 inv\u00e5nare.<\/li>\n<li>G\u00f6teborg har l\u00e4ngst sommar i Sverige, 144 dagar.<\/li>\n<li>G\u00f6teborg \u00e4r ett popul\u00e4rt turistm\u00e5l och varje \u00e5r drar staden in mer \u00e4n 21 miljarder p\u00e5 turismen.<\/li>\n<li>G\u00f6teborg har 358 000 g\u00e4stn\u00e4tter varje \u00e5r.<\/li>\n<li>G\u00f6teborg har Sveriges mest bes\u00f6kta turistattraktion &#8211; n\u00f6jesparken Liseberg med 3 miljoner bes\u00f6kare varje \u00e5r.<\/li>\n<li>G\u00f6teborg har f\u00e5tt flera internationella utm\u00e4rkelser f\u00f6r sitt h\u00e5llbarhetsarbete.<\/li>\n<li>G\u00f6teborg har Nordens st\u00f6rsta hamn.<\/li>\n<li>G\u00f6teborg \u00e4r en av Europas snabbast v\u00e4xande storstadsregioner.<\/li>\n<\/ul>\n<p>[\/et_pb_text][et_pb_button button_url=&#8221;https:\/\/viewgothenburg.com\/sv\/kontakt\/&#8221; button_text=&#8221;Kontakta oss&#8221; _builder_version=&#8221;4.22.2&#8243; _module_preset=&#8221;default&#8221; custom_button=&#8221;on&#8221; button_text_size=&#8221;20px&#8221; button_text_color=&#8221;#FFFFFF&#8221; button_bg_color=&#8221;#5c8cb2&#8243; button_border_radius=&#8221;60px&#8221; button_letter_spacing=&#8221;1px&#8221; button_font=&#8221;|800||on|||||&#8221; button_use_icon=&#8221;off&#8221; global_colors_info=&#8221;{}&#8221; button_bg_color__hover_enabled=&#8221;on|desktop&#8221; button_bg_color__hover=&#8221;#000000&#8243; button_bg_enable_color__hover=&#8221;on&#8221;][\/et_pb_button][\/et_pb_column][\/et_pb_row][\/et_pb_section]<\/p>\n","protected":false},"excerpt":{"rendered":"<p>V\u00e4lkommen till G\u00f6teborgs cityguideViewGothenburg.com \u00e4r G\u00f6teborgs nya digitala cityguide. Vi jobbar f\u00f6r att visa upp det b\u00e4sta av den fantastiska v\u00e4stkuststaden f\u00f6r alla de miljoner internationella och svenska turister som reser till G\u00f6teborg varje \u00e5r &#8211; plus de som bor i staden och dess omgivningar. P\u00e5 v\u00e5r webbplats ViewGothenburg.com g\u00f6r vi det enkelt och roligt [&hellip;]<\/p>\n","protected":false},"author":1,"featured_media":0,"parent":0,"menu_order":0,"comment_status":"closed","ping_status":"closed","template":"","meta":{"_et_pb_use_builder":"on","_et_pb_old_content":"","_et_gb_content_width":"","_lmt_disableupdate":"no","_lmt_disable":"","footnotes":""},"class_list":["post-251747","page","type-page","status-publish","hentry"],"_links":{"self":[{"href":"https:\/\/viewgothenburg.com\/sv\/wp-json\/wp\/v2\/pages\/251747","targetHints":{"allow":["GET"]}}],"collection":[{"href":"https:\/\/viewgothenburg.com\/sv\/wp-json\/wp\/v2\/pages"}],"about":[{"href":"https:\/\/viewgothenburg.com\/sv\/wp-json\/wp\/v2\/types\/page"}],"author":[{"embeddable":true,"href":"https:\/\/viewgothenburg.com\/sv\/wp-json\/wp\/v2\/users\/1"}],"replies":[{"embeddable":true,"href":"https:\/\/viewgothenburg.com\/sv\/wp-json\/wp\/v2\/comments?post=251747"}],"version-history":[{"count":3,"href":"https:\/\/viewgothenburg.com\/sv\/wp-json\/wp\/v2\/pages\/251747\/revisions"}],"predecessor-version":[{"id":252249,"href":"https:\/\/viewgothenburg.com\/sv\/wp-json\/wp\/v2\/pages\/251747\/revisions\/252249"}],"wp:attachment":[{"href":"https:\/\/viewgothenburg.com\/sv\/wp-json\/wp\/v2\/media?parent=251747"}],"curies":[{"name":"wp","href":"https:\/\/api.w.org\/{rel}","templated":true}]}}