{"id":251773,"date":"2018-08-16T06:41:47","date_gmt":"2018-08-16T06:41:47","guid":{"rendered":"https:\/\/viewgothenburg.com\/privacy-cookie-policy\/"},"modified":"2023-11-13T12:28:46","modified_gmt":"2023-11-13T12:28:46","slug":"policy-datahantering-cookies","status":"publish","type":"page","link":"https:\/\/viewgothenburg.com\/sv\/policy-datahantering-cookies\/","title":{"rendered":"Policy f\u00f6r datahantering och cookies"},"content":{"rendered":"<p>[et_pb_section fb_built=&#8221;1&#8243; admin_label=&#8221;Hero&#8221; _builder_version=&#8221;4.22.2&#8243; _module_preset=&#8221;default&#8221; background_color=&#8221;rgba(0,0,0,0.1)&#8221; background_image=&#8221;https:\/\/viewgothenburg.com\/wp-content\/uploads\/2023\/10\/bg-about-header.jpg&#8221; background_blend=&#8221;overlay&#8221; background_last_edited=&#8221;on|phone&#8221; background_image_phone=&#8221;https:\/\/viewgothenburg.com\/wp-content\/uploads\/2023\/10\/bg-about-header-mobile.jpg&#8221; background_enable_image_phone=&#8221;on&#8221; global_colors_info=&#8221;{}&#8221;][et_pb_row _builder_version=&#8221;4.22.2&#8243; _module_preset=&#8221;default&#8221; global_colors_info=&#8221;{}&#8221;][et_pb_column type=&#8221;4_4&#8243; _builder_version=&#8221;4.22.2&#8243; _module_preset=&#8221;default&#8221; global_colors_info=&#8221;{}&#8221;][et_pb_text admin_label=&#8221;Title&#8221; _builder_version=&#8221;4.22.2&#8243; _module_preset=&#8221;default&#8221; header_font=&#8221;Playfair Display|700|||||||&#8221; header_font_size=&#8221;60px&#8221; header_3_font=&#8221;|800||on|||||&#8221; header_3_font_size=&#8221;24px&#8221; header_3_letter_spacing=&#8221;2px&#8221; header_3_line_height=&#8221;1.3em&#8221; text_orientation=&#8221;center&#8221; background_layout=&#8221;dark&#8221; header_font_size_tablet=&#8221;60px&#8221; header_font_size_phone=&#8221;48px&#8221; header_font_size_last_edited=&#8221;on|desktop&#8221; header_3_font_size_tablet=&#8221;24px&#8221; header_3_font_size_phone=&#8221;20px&#8221; header_3_font_size_last_edited=&#8221;on|desktop&#8221; global_colors_info=&#8221;{}&#8221;]<\/p>\n<h1>Policy f\u00f6r datahantering och cookies<\/h1>\n<p>[\/et_pb_text][\/et_pb_column][\/et_pb_row][\/et_pb_section][et_pb_section fb_built=&#8221;1&#8243; _builder_version=&#8221;4.22.2&#8243; _module_preset=&#8221;default&#8221; global_colors_info=&#8221;{}&#8221;][et_pb_row custom_padding_last_edited=&#8221;on|desktop&#8221; _builder_version=&#8221;4.22.2&#8243; _module_preset=&#8221;default&#8221; custom_padding=&#8221;|150px||150px|false|true&#8221; custom_padding_tablet=&#8221;|0px||0px|false|true&#8221; custom_padding_phone=&#8221;|0px||0px|false|true&#8221; global_colors_info=&#8221;{}&#8221;][et_pb_column type=&#8221;4_4&#8243; _builder_version=&#8221;4.22.2&#8243; _module_preset=&#8221;default&#8221; global_colors_info=&#8221;{}&#8221;][et_pb_text _builder_version=&#8221;4.23.1&#8243; _module_preset=&#8221;default&#8221; header_2_font=&#8221;|800||on|||||&#8221; header_2_font_size=&#8221;20px&#8221; header_2_letter_spacing=&#8221;2px&#8221; header_2_line_height=&#8221;1.3em&#8221; hover_enabled=&#8221;0&#8243; global_colors_info=&#8221;{}&#8221; module_class=&#8221;list-space&#8221; sticky_enabled=&#8221;0&#8243;]View Gothenburg respekterar din integritet och r\u00e4tten att ha kontroll \u00f6ver dina personuppgifter. Vi kommer att vara \u00f6ppna med vilken information vi samlar in, varf\u00f6r vi g\u00f6r det och vi kommer skydda den p\u00e5 ett s\u00e5 s\u00e4kert s\u00e4tt som m\u00f6jligt.<\/p>\n<p>View Gothenburg behandlar dina personuppgifter framf\u00f6r allt f\u00f6r att fullf\u00f6lja v\u00e5ra f\u00f6rpliktelser mot dig. Utg\u00e5ngspunkten \u00e4r alltid att inte behandla fler personuppgifter \u00e4n vad som beh\u00f6vs f\u00f6r \u00e4ndam\u00e5let. Du har alltid r\u00e4tt att beg\u00e4ra tillg\u00e5ng till, r\u00e4ttelse och radering av egna personuppgifter.<\/p>\n<h2>Vilken information samlar vi in och varf\u00f6r?<\/h2>\n<hr>\n<p>N\u00e4r det g\u00e4ller bes\u00f6kare av webbplatsen samlar vi framf\u00f6r allt in din information f\u00f6r att erbjuda dig en b\u00e4ttre upplevelse av webbplatsen. Ut\u00f6ver detta behandlar vi vissa av dina uppgifter f\u00f6r att marknadsf\u00f6ra tj\u00e4nster som vi tror du \u00e4r intresserad av. N\u00e4r det g\u00e4ller v\u00e5ra kunder samlar vi in information f\u00f6r att kunna administrera och leverera v\u00e5ra tj\u00e4nster. Med detta f\u00f6ljer att vi \u00e4ven m\u00e5ste spara vissa uppgifter om v\u00e5ra kunders best\u00e4llningar i ett antal \u00e5r p\u00e5 grund av lagkrav.<\/p>\n<h2>Information som du l\u00e4mnar till oss<\/h2>\n<hr>\n<ul>\n<li>N\u00e4r du best\u00e4ller v\u00e5ra tj\u00e4nster &#8211; namn, organisationsnummer, adress, e-postadress och telefonnummer<\/li>\n<li>N\u00e4r du \u00e4r i kontakt med oss &#8211; kommunikation som sker via e-post<\/li>\n<\/ul>\n<h2>Information som vi samlar om dig<\/h2>\n<hr>\n<p>N\u00e4r du bes\u00f6ker v\u00e5r webbplats sp\u00e5rar vi din webbaktivitet med tj\u00e4nsten Google Analytics och kan komma att anv\u00e4nda den i marknadssyfte. Vid ditt bes\u00f6k p\u00e5 v\u00e5r webbplats sp\u00e5ras exempelvis trafikdata, geografisk position, IP-adress, typ av enhet, operativsystem och webbl\u00e4sare som anv\u00e4nds..<\/p>\n<h2>Varf\u00f6r och hur l\u00e4nge vi behandlar din information<\/h2>\n<hr>\n<p>F\u00f6r att vi ska kunna leverera tj\u00e4nster till dig eller kunna f\u00f6lja upp ett kundservice\u00e4rende inneb\u00e4r det att vi beh\u00f6ver behandla ett antal personuppgifter om dig. H\u00e4r under beskriver vi syftet med behandlingen, hur uppgifterna behandlas, p\u00e5 vilken grund vi behandlar dem och hur l\u00e4nge vi sparar informationen.<\/p>\n<ul>\n<li><strong>Administration av din best\u00e4llning och leverans av tj\u00e4nster<\/strong><br \/>\nVi behandlar dina personuppgifter f\u00f6r att kunna administrera ditt k\u00f6p och sedan leverera tj\u00e4nster till dig. Uppgifterna sparas i v\u00e5rt kundregister och detta \u00e4r n\u00f6dv\u00e4ndigt p\u00e5 grund av avtal. Vi sparar dem s\u00e5 l\u00e4nge du \u00e4r kund hos oss.<\/li>\n<li><strong>Utf\u00f6rande och hantering av kundservice\u00e4rende<\/strong><br \/>\nVi behandlar dina personuppgifter f\u00f6r att kunna utf\u00f6ra och hantera kundservice\u00e4renden. Uppgifterna sparas i v\u00e5rt e-postprogram Outlook och detta \u00e4r n\u00f6dv\u00e4ndigt p\u00e5 grund av avtal. Vi sparar uppgifterna i 3 \u00e5r.<\/li>\n<li><strong>Bokf\u00f6ring av transaktioner<\/strong><br \/>\nVi behandlar dina personuppgifter f\u00f6r bokf\u00f6ring av transaktionerna. Uppgifterna sparas i v\u00e5rt bokf\u00f6ringssystem eftersom vi \u00e4r skyliga att g\u00f6ra detta enligt lag. Vi sparar uppgifterna i 7 \u00e5r.<\/li>\n<\/ul>\n<h2>Hur vi anv\u00e4nder insamlad information<\/h2>\n<hr>\n<p>View Gothenburg behandlar personuppgifter i huvudsak f\u00f6r de \u00e4ndam\u00e5l som anges h\u00e4r under:<\/p>\n<ul>\n<li>F\u00f6r att fullg\u00f6ra best\u00e4llningar av de tj\u00e4nster som View Gothenburg erbjuder.<\/li>\n<li>Kunna erbjuda god kundservice, som att hantera dina f\u00f6rfr\u00e5gningar och r\u00e4tta felaktiga uppgifter.<\/li>\n<li>F\u00f6r systemadministration och f\u00f6r att ta fram statistiska data om v\u00e5ra anv\u00e4ndares beteende och m\u00f6nster men detta identifierar ingen enskild person utan sker p\u00e5 aggregerad niv\u00e5.<\/li>\n<li>F\u00f6r att genom analys av ditt beteende p\u00e5 v\u00e5r webbplats utveckla och f\u00f6rb\u00e4ttra webbplatsen.<\/li>\n<li>F\u00f6r att kunna ge dig relevanta rekommendationer och erbjudanden baserat p\u00e5 vad andra med liknande beteendem\u00f6nster har intresserat sig f\u00f6r och vad du har tittat p\u00e5 och visat intresse f\u00f6r.<\/li>\n<li>F\u00f6r att hj\u00e4lpa oss att utveckla v\u00e5r webbplats att vara mer anv\u00e4ndbar och f\u00f6r att f\u00f6rb\u00e4ttra din anv\u00e4ndarupplevelse av v\u00e5r webbplats genom att kunna anpassa visningen av webbplatsen till den enhet som anv\u00e4nds.<\/li>\n<li>F\u00f6r att skicka viktiga meddelanden som kommunikation om f\u00f6r\u00e4ndringar i v\u00e5ra villkor och policyer.<\/li>\n<\/ul>\n<h2>Vem f\u00e5r ta del av dina uppgifter?<\/h2>\n<hr>\n<p>V\u00e5r utg\u00e5ngspunkt \u00e4r att inte l\u00e4mna ut dina personuppgifter till tredje part om du inte har samtyckt till det eller om det \u00e4r n\u00f6dv\u00e4ndigt f\u00f6r att uppfylla v\u00e5ra f\u00f6rpliktelser enligt avtal eller lag.<\/p>\n<p>Vi kan dock dela med oss av information till andra f\u00f6retag som behandlar data p\u00e5 v\u00e5ra v\u00e4gnar f\u00f6r att vi ska kunna utf\u00f6ra t.ex. analys. Vid all hantering av personuppgifter iakttas dock alltid h\u00f6g s\u00e4kerhet och sekretess. View Gothenburg samarbetar endast med partners som behandlar personuppgifter inom EU\/EES eller med f\u00f6retag som uppr\u00e4tth\u00e5ller samma skyddsniv\u00e5 som inom EU\/EES.<\/p>\n<h2>Om cookies<\/h2>\n<hr>\n<p>F\u00f6r att dra full nytta av v\u00e5r webbplats anv\u00e4nder vi cookies p\u00e5 webbplatsen. En cookie \u00e4r en liten textfil som best\u00e5r av bokst\u00e4ver och siffror som lagras i din webbl\u00e4sare, mobiltelefon eller surfplatta n\u00e4r du bes\u00f6ker en webbplats. Cookien hj\u00e4lper webbplatsleverant\u00f6rer att k\u00e4nna igen din enhet n\u00e4sta g\u00e5ng du bes\u00f6ker webbplatsen.<\/p>\n<p>N\u00e4r du bes\u00f6ker v\u00e5r webbplats kommer information om anv\u00e4ndandet att lagras genom cookies. View Gothenburg anv\u00e4nder cookies f\u00f6r att underl\u00e4tta din anv\u00e4ndning och optimera upplevelsen av webbplatsen samt f\u00f6r att inh\u00e4mta information som till exempel statistik \u00f6ver webbplatsens bes\u00f6kare (med hj\u00e4lp av Google Analytics) f\u00f6r att l\u00e4ra oss mer om v\u00e5ra anv\u00e4ndare. Syftet med detta \u00e4r att s\u00e4kerst\u00e4lla, underh\u00e5lla och f\u00f6rb\u00e4ttra webbplatsen.<\/p>\n<p>Om du skulle vilja begr\u00e4nsa, blockera eller radera cookies fr\u00e5n din webbl\u00e4sare kan du anv\u00e4nda webbl\u00e4sarens inst\u00e4llningar f\u00f6r att g\u00f6ra det. G\u00e5 till inst\u00e4llningarna f\u00f6r din webbl\u00e4sare p\u00e5 din dator eller annan enhet. Hur du g\u00f6r inst\u00e4llningen varierar fr\u00e5n webbl\u00e4sare till webbl\u00e4sare, s\u00e5 anv\u00e4nd hj\u00e4lpfunktionen f\u00f6r den webbl\u00e4sare som du anv\u00e4nder dig av f\u00f6r att se hur du kan \u00e4ndra dina val f\u00f6r cookies. Du kan till exempel v\u00e4lja att blockera alla cookies eller radera cookies n\u00e4r du st\u00e4nger ner din webbl\u00e4sare.<\/p>\n<p>Du kan ocks\u00e5 v\u00e4lja att helt inaktivera Google Analytics-cookies genom opt-out fr\u00e5n Google Analytics, genom att anv\u00e4nda deras Add-on som du hittar <a href=\"https:\/\/tools.google.com\/dlpage\/gaoptout\" rel=\"noopener noreferrer nofollow\" target=\"_blank\">h\u00e4r<\/a>.<\/p>\n<h2>R\u00e4ttslig grund<\/h2>\n<hr>\n<p>I och med att du l\u00e4mnar uppgifter till View Gothenburg ger du din till\u00e5telse till att vi registrerar och lagrar uppgifter om vilka produkter du k\u00f6pt samt behandlar de angivna personuppgifterna f\u00f6r angivna \u00e4ndam\u00e5l. Som legal grund f\u00f6r behandling kommer vi att h\u00e4nvisa till uppfyllande av avtal, ber\u00e4ttigat intresse eller samtycke. Om vi anv\u00e4nder oss av ber\u00e4ttigat intresse som grund, kommer det endast att g\u00f6ras i de syften som angetts ovan.<\/p>\n<h2>Beg\u00e4r tillg\u00e5ng till dina uppgifter<\/h2>\n<hr>\n<p>Observera att registrerad person n\u00e4r som helst har r\u00e4tt att beg\u00e4ra tillg\u00e5ng till, r\u00e4ttelse och radering av egna personuppgifter, begr\u00e4nsning av behandling och inv\u00e4nda mot behandling. Detta g\u00f6r du genom att kontakta oss, se kontaktuppgifter nedan.<\/p>\n<h2>L\u00e4nkar till andra webbplatser<\/h2>\n<hr>\n<p>N\u00e4r v\u00e5r webbplats inneh\u00e5ller l\u00e4nkar till tredje parts webbplatser eller material publicerat hos tredje part, \u00e4r dessa l\u00e4nkar endast f\u00f6r informationssyfte. Eftersom View Gothenburg saknar kontroll \u00f6ver inneh\u00e5llet p\u00e5 dessa webbplatser ansvarar vi inte f\u00f6r inneh\u00e5llet. Vi ansvarar inte heller f\u00f6r skador eller f\u00f6rluster som skulle kunna uppst\u00e5 vid anv\u00e4ndning av dessa l\u00e4nkar.<\/p>\n<h2>Kontakta oss<\/h2>\n<hr>\n<p>F\u00f6r ytterligare information om personuppgiftshantering eller om du har fr\u00e5gor, \u00e4r du v\u00e4lkommen att kontakta oss.<\/p>\n<p><strong>E-post:<\/strong> <a href=\"&#x6d;a&#x69;&#108;&#x74;&#111;:&#x69;n&#x66;&#111;&#x40;&#118;i&#x65;&#119;&#x67;&#111;t&#x68;e&#x6e;&#98;&#x75;&#114;g&#x2e;c&#x6f;&#109;\" target=\"_blank\" rel=\"noopener noreferrer\"> &#105;&#x6e;&#x66;&#111;&#x40;&#x76;i&#x65;&#x77;g&#111;&#x74;h&#101;&#x6e;b&#117;&#x72;g&#46;&#x63;o&#109; <\/a><\/p>\n<p><strong>Denna policy f\u00f6r databehandling och cookies g\u00e4ller fr\u00e5n och med 2023-10-19.<\/strong>[\/et_pb_text][\/et_pb_column][\/et_pb_row][\/et_pb_section]<\/p>\n","protected":false},"excerpt":{"rendered":"<p>Policy f\u00f6r datahantering och cookiesView Gothenburg respekterar din integritet och r\u00e4tten att ha kontroll \u00f6ver dina personuppgifter. Vi kommer att vara \u00f6ppna med vilken information vi samlar in, varf\u00f6r vi g\u00f6r det och vi kommer skydda den p\u00e5 ett s\u00e5 s\u00e4kert s\u00e4tt som m\u00f6jligt. View Gothenburg behandlar dina personuppgifter framf\u00f6r allt f\u00f6r att fullf\u00f6lja v\u00e5ra [&hellip;]<\/p>\n","protected":false},"author":1,"featured_media":0,"parent":0,"menu_order":0,"comment_status":"closed","ping_status":"open","template":"","meta":{"_et_pb_use_builder":"on","_et_pb_old_content":"","_et_gb_content_width":"","_lmt_disableupdate":"no","_lmt_disable":"","footnotes":""},"class_list":["post-251773","page","type-page","status-publish","hentry"],"_links":{"self":[{"href":"https:\/\/viewgothenburg.com\/sv\/wp-json\/wp\/v2\/pages\/251773","targetHints":{"allow":["GET"]}}],"collection":[{"href":"https:\/\/viewgothenburg.com\/sv\/wp-json\/wp\/v2\/pages"}],"about":[{"href":"https:\/\/viewgothenburg.com\/sv\/wp-json\/wp\/v2\/types\/page"}],"author":[{"embeddable":true,"href":"https:\/\/viewgothenburg.com\/sv\/wp-json\/wp\/v2\/users\/1"}],"replies":[{"embeddable":true,"href":"https:\/\/viewgothenburg.com\/sv\/wp-json\/wp\/v2\/comments?post=251773"}],"version-history":[{"count":3,"href":"https:\/\/viewgothenburg.com\/sv\/wp-json\/wp\/v2\/pages\/251773\/revisions"}],"predecessor-version":[{"id":252257,"href":"https:\/\/viewgothenburg.com\/sv\/wp-json\/wp\/v2\/pages\/251773\/revisions\/252257"}],"wp:attachment":[{"href":"https:\/\/viewgothenburg.com\/sv\/wp-json\/wp\/v2\/media?parent=251773"}],"curies":[{"name":"wp","href":"https:\/\/api.w.org\/{rel}","templated":true}]}}