{"id":251955,"date":"2023-10-19T21:36:52","date_gmt":"2023-10-19T21:36:52","guid":{"rendered":"https:\/\/viewgothenburg.com\/advertising\/"},"modified":"2023-11-13T12:26:05","modified_gmt":"2023-11-13T12:26:05","slug":"annonsering","status":"publish","type":"page","link":"https:\/\/viewgothenburg.com\/sv\/annonsering\/","title":{"rendered":"Annonsering"},"content":{"rendered":"<p>[et_pb_section fb_built=&#8221;1&#8243; admin_label=&#8221;Hero&#8221; _builder_version=&#8221;4.22.2&#8243; _module_preset=&#8221;default&#8221; background_color=&#8221;rgba(0,0,0,0.1)&#8221; background_image=&#8221;https:\/\/viewgothenburg.com\/wp-content\/uploads\/2023\/10\/bg-about-header.jpg&#8221; background_blend=&#8221;overlay&#8221; background_last_edited=&#8221;on|phone&#8221; background_image_phone=&#8221;https:\/\/viewgothenburg.com\/wp-content\/uploads\/2023\/10\/bg-about-header-mobile.jpg&#8221; background_enable_image_phone=&#8221;on&#8221; global_colors_info=&#8221;{}&#8221;][et_pb_row _builder_version=&#8221;4.22.2&#8243; _module_preset=&#8221;default&#8221; global_colors_info=&#8221;{}&#8221;][et_pb_column type=&#8221;4_4&#8243; _builder_version=&#8221;4.22.2&#8243; _module_preset=&#8221;default&#8221; global_colors_info=&#8221;{}&#8221;][et_pb_text admin_label=&#8221;Title&#8221; _builder_version=&#8221;4.22.2&#8243; _module_preset=&#8221;default&#8221; header_font=&#8221;Playfair Display|700|||||||&#8221; header_font_size=&#8221;60px&#8221; header_3_font=&#8221;|800||on|||||&#8221; header_3_font_size=&#8221;24px&#8221; header_3_letter_spacing=&#8221;2px&#8221; header_3_line_height=&#8221;1.3em&#8221; text_orientation=&#8221;center&#8221; background_layout=&#8221;dark&#8221; header_font_size_tablet=&#8221;60px&#8221; header_font_size_phone=&#8221;48px&#8221; header_font_size_last_edited=&#8221;on|desktop&#8221; header_3_font_size_tablet=&#8221;24px&#8221; header_3_font_size_phone=&#8221;20px&#8221; header_3_font_size_last_edited=&#8221;on|desktop&#8221; global_colors_info=&#8221;{}&#8221;]<\/p>\n<h1>Annonsering<\/h1>\n<p>[\/et_pb_text][\/et_pb_column][\/et_pb_row][\/et_pb_section][et_pb_section fb_built=&#8221;1&#8243; _builder_version=&#8221;4.22.2&#8243; _module_preset=&#8221;default&#8221; global_colors_info=&#8221;{}&#8221;][et_pb_row custom_padding_last_edited=&#8221;on|desktop&#8221; _builder_version=&#8221;4.22.2&#8243; _module_preset=&#8221;default&#8221; custom_padding=&#8221;|250px||250px|false|true&#8221; custom_padding_tablet=&#8221;|0px||0px|false|true&#8221; custom_padding_phone=&#8221;|0px||0px|false|true&#8221; global_colors_info=&#8221;{}&#8221;][et_pb_column type=&#8221;4_4&#8243; _builder_version=&#8221;4.22.2&#8243; _module_preset=&#8221;default&#8221; global_colors_info=&#8221;{}&#8221;][et_pb_text _builder_version=&#8221;4.22.2&#8243; _module_preset=&#8221;default&#8221; header_2_font=&#8221;|800||on|||||&#8221; header_2_font_size=&#8221;20px&#8221; header_2_letter_spacing=&#8221;2px&#8221; header_2_line_height=&#8221;1.3em&#8221; global_colors_info=&#8221;{}&#8221;]Om du \u00e4r intresserad av att annonsera p\u00e5\u00a0ViewGothenburg.com,\u00a0\u00e4r du v\u00e4lkommen att kontakta oss p\u00e5\u00a0<a href=\"&#x6d;a&#x69;l&#x74;&#111;&#x3a;&#105;n&#x66;o&#x40;&#118;&#x69;&#101;&#x77;&#103;o&#x74;h&#x65;&#110;&#x62;&#117;&#x72;&#x67;&#46;&#x63;o&#x6d;\">&#x69;&#x6e;&#102;o&#x40;&#x76;&#x69;&#101;w&#x67;&#x6f;&#x74;&#104;e&#x6e;&#x62;&#x75;&#114;g&#x2e;&#x63;&#x6f;&#109;<\/a>.[\/et_pb_text][\/et_pb_column][\/et_pb_row][\/et_pb_section]<\/p>\n","protected":false},"excerpt":{"rendered":"<p>AnnonseringOm du \u00e4r intresserad av att annonsera p\u00e5\u00a0ViewGothenburg.com,\u00a0\u00e4r du v\u00e4lkommen att kontakta oss &#112;\u00e5\u00a0i&#110;&#x66;o&#x40;&#x76;&#105;&#x65;w&#103;&#x6f;t&#104;&#x65;n&#x62;&#x75;&#114;&#x67;&#x2e;&#99;&#x6f;m.<\/p>\n","protected":false},"author":1,"featured_media":0,"parent":0,"menu_order":0,"comment_status":"closed","ping_status":"closed","template":"","meta":{"_et_pb_use_builder":"on","_et_pb_old_content":"","_et_gb_content_width":"","_lmt_disableupdate":"no","_lmt_disable":"","footnotes":""},"class_list":["post-251955","page","type-page","status-publish","hentry"],"_links":{"self":[{"href":"https:\/\/viewgothenburg.com\/sv\/wp-json\/wp\/v2\/pages\/251955","targetHints":{"allow":["GET"]}}],"collection":[{"href":"https:\/\/viewgothenburg.com\/sv\/wp-json\/wp\/v2\/pages"}],"about":[{"href":"https:\/\/viewgothenburg.com\/sv\/wp-json\/wp\/v2\/types\/page"}],"author":[{"embeddable":true,"href":"https:\/\/viewgothenburg.com\/sv\/wp-json\/wp\/v2\/users\/1"}],"replies":[{"embeddable":true,"href":"https:\/\/viewgothenburg.com\/sv\/wp-json\/wp\/v2\/comments?post=251955"}],"version-history":[{"count":3,"href":"https:\/\/viewgothenburg.com\/sv\/wp-json\/wp\/v2\/pages\/251955\/revisions"}],"predecessor-version":[{"id":252254,"href":"https:\/\/viewgothenburg.com\/sv\/wp-json\/wp\/v2\/pages\/251955\/revisions\/252254"}],"wp:attachment":[{"href":"https:\/\/viewgothenburg.com\/sv\/wp-json\/wp\/v2\/media?parent=251955"}],"curies":[{"name":"wp","href":"https:\/\/api.w.org\/{rel}","templated":true}]}}